{"id":238612,"date":"2019-11-27T09:50:19","date_gmt":"2019-11-27T09:50:19","guid":{"rendered":"http:\/\/test.investigazioniprivate.it\/?page_id=238612"},"modified":"2020-04-21T13:49:29","modified_gmt":"2020-04-21T13:49:29","slug":"formazione","status":"publish","type":"page","link":"https:\/\/investigazioniprivate.it\/it\/formazione\/","title":{"rendered":"Formazione"},"content":{"rendered":"<p>[et_pb_section fb_built=&#8221;1&#8243; fullwidth=&#8221;on&#8221; _builder_version=&#8221;3.25.2&#8243;][et_pb_fullwidth_slider _builder_version=&#8221;4.4.2&#8243; header_font=&#8221;Mostra one bold||||||||&#8221; min_height_tablet=&#8221;&#8221; min_height_phone=&#8221;400px&#8221; min_height_last_edited=&#8221;on|phone&#8221; hover_enabled=&#8221;0&#8243;][et_pb_slide heading=&#8221;Formazione Ulisse&#8221; _builder_version=&#8221;4.4.2&#8243; header_level=&#8221;h1&#8243; header_font=&#8221;Mostra Bold||||||||&#8221; header_text_align=&#8221;center&#8221; background_color=&#8221;rgba(24,80,126,0.46)&#8221; background_image=&#8221;http:\/\/investigazioniprivate.it\/wp-content\/uploads\/2020\/03\/formazione3.jpg&#8221; background_position=&#8221;top_center&#8221; background_blend=&#8221;soft-light&#8221; custom_padding=&#8221;200px||300px&#8221; custom_padding_tablet=&#8221;&#8221; custom_padding_phone=&#8221;0px||0px|&#8221; custom_padding_last_edited=&#8221;on|phone&#8221; hover_enabled=&#8221;0&#8243; header_font_size_tablet=&#8221;&#8221; header_font_size_phone=&#8221;30px&#8221; header_font_size_last_edited=&#8221;on|phone&#8221;][\/et_pb_slide][\/et_pb_fullwidth_slider][\/et_pb_section][et_pb_section fb_built=&#8221;1&#8243; custom_padding_last_edited=&#8221;on|desktop&#8221; _builder_version=&#8221;3.25.2&#8243; parallax=&#8221;on&#8221; parallax_method=&#8221;off&#8221; custom_padding=&#8221;10px||10px&#8221; custom_padding_tablet=&#8221;&#8221; custom_padding_phone=&#8221;&#8221; box_shadow_style=&#8221;preset2&#8243; box_shadow_spread=&#8221;40px&#8221;][et_pb_row _builder_version=&#8221;3.25.2&#8243; width=&#8221;90%&#8221; max_width=&#8221;1430px&#8221; max_width_tablet=&#8221;&#8221; max_width_phone=&#8221;&#8221; max_width_last_edited=&#8221;on|desktop&#8221;][et_pb_column type=&#8221;4_4&#8243; _builder_version=&#8221;3.25.2&#8243;][et_pb_text _builder_version=&#8221;4.4.2&#8243; text_font=&#8221;||||||||&#8221; text_font_size=&#8221;20px&#8221; text_line_height=&#8221;1.5em&#8221; text_orientation=&#8221;center&#8221; hover_enabled=&#8221;0&#8243; text_font_size_tablet=&#8221;&#8221; text_font_size_phone=&#8221;&#8221; text_font_size_last_edited=&#8221;on|desktop&#8221; text_text_align=&#8221;center&#8221;]<\/p>\n<p>Il Titolare della Societ\u00e0 ULISSE \u00e8 docente in numerosi corsi professionali nel campo della Security ed \u00e8 stato Professore Universitario a contratto presso l\u2019Universit\u00e0 di Tor Vergata a Roma \u2013 Facolt\u00e0 di Giurisprudenza, sia nel corso in \u201cSecurity Management\u201d che nel Master di secondo livello in \u201cIntelligence Economica\u201d.<\/p>\n<p>La Societ\u00e0 ULISSE fornisce corsi professionali su misura nel campo della Security e dell\u2019Intelligence ad Aziende ed Enti di Formazione.<\/p>\n<p>[\/et_pb_text][\/et_pb_column][\/et_pb_row][\/et_pb_section][et_pb_section fb_built=&#8221;1&#8243; _builder_version=&#8221;3.25.2&#8243; background_color=&#8221;rgba(0,0,0,0)&#8221; parallax=&#8221;on&#8221; parallax_method=&#8221;off&#8221;][et_pb_row _builder_version=&#8221;3.25.2&#8243;][et_pb_column type=&#8221;4_4&#8243; _builder_version=&#8221;3.25.2&#8243;][et_pb_text _builder_version=&#8221;4.4.2&#8243; text_font=&#8221;||||||||&#8221; text_orientation=&#8221;center&#8221; background_layout=&#8221;dark&#8221; hover_enabled=&#8221;0&#8243;]<\/p>\n<h2>I nostri servizi<\/h2>\n<p>[\/et_pb_text][\/et_pb_column][\/et_pb_row][et_pb_row column_structure=&#8221;1_4,1_4,1_4,1_4&#8243; _builder_version=&#8221;3.25.2&#8243; max_width=&#8221;1430px&#8221; saved_tabs=&#8221;all&#8221;][et_pb_column type=&#8221;1_4&#8243; _builder_version=&#8221;3.25.2&#8243;][et_pb_blurb title=&#8221;Aziende&#8221; url=&#8221;http:\/\/investigazioniprivate.it\/aziende\/&#8221; _builder_version=&#8221;4.4.2&#8243; header_level=&#8221;h3&#8243; header_font=&#8221;||||on||||&#8221; header_text_align=&#8221;center&#8221; header_font_size=&#8221;25px&#8221; header_line_height=&#8221;2.5em&#8221; body_font=&#8221;Market deco||||||||&#8221; body_text_align=&#8221;center&#8221; body_text_color=&#8221;rgba(0,0,0,0)&#8221; background_color=&#8221;rgba(24,80,126,0)&#8221; background_image=&#8221;http:\/\/investigazioniprivate.it\/wp-content\/uploads\/2020\/02\/Canva-Grayscale-Photography-Of-Chessboard-Game-scaled.jpg&#8221; background_blend=&#8221;soft-light&#8221; background_layout=&#8221;dark&#8221; width_last_edited=&#8221;off|desktop&#8221; min_height=&#8221;220px&#8221; link_option_url=&#8221;http:\/\/investigazioniprivate.it\/aziende\/&#8221; hover_enabled=&#8221;0&#8243; box_shadow_style=&#8221;preset4&#8243; box_shadow_horizontal=&#8221;0px&#8221; box_shadow_vertical=&#8221;0px&#8221; box_shadow_color=&#8221;rgba(24,80,126,0.57)&#8221; box_shadow_horizontal_last_edited=&#8221;off|desktop&#8221; locked=&#8221;off&#8221; background_color__hover=&#8221;#18507E&#8221; background_enable_color__hover=&#8221;on&#8221; background_blend__hover=&#8221;soft-light&#8221; child_filter_invert__hover=&#8221;0%&#8221; body_text_color__hover_enabled=&#8221;on|hover&#8221; body_text_color__hover=&#8221;#ffffff&#8221; background__hover_enabled=&#8221;on&#8221; transform_styles__hover_enabled=&#8221;on&#8221; transform_scale__hover_enabled=&#8221;on&#8221; transform_translate__hover_enabled=&#8221;on&#8221; transform_rotate__hover_enabled=&#8221;on&#8221; transform_skew__hover_enabled=&#8221;on&#8221; transform_origin__hover_enabled=&#8221;on&#8221; transform_scale__hover=&#8221;105%|105%&#8221; box_shadow_horizontal__hover_enabled=&#8221;on&#8221; box_shadow_vertical__hover_enabled=&#8221;on&#8221; box_shadow_horizontal__hover=&#8221;10px&#8221; box_shadow_vertical__hover=&#8221;10px&#8221;]<\/p>\n<p style=\"text-align: center;\">Informazioni ed indagini per conoscere, decidere e per tutelare la propria azienda da minacce interne ed esterne<\/p>\n<p>[\/et_pb_blurb][\/et_pb_column][et_pb_column type=&#8221;1_4&#8243; _builder_version=&#8221;3.25.2&#8243;][et_pb_blurb title=&#8221;Compagnie assicurative&#8221; url=&#8221;http:\/\/investigazioniprivate.it\/compagnie-assicurative\/&#8221; _builder_version=&#8221;4.4.2&#8243; header_level=&#8221;h3&#8243; header_font=&#8221;||||on||||&#8221; header_text_align=&#8221;center&#8221; header_font_size=&#8221;24px&#8221; header_line_height=&#8221;1.7em&#8221; body_font=&#8221;Market deco||||||||&#8221; body_text_align=&#8221;center&#8221; body_text_color=&#8221;rgba(0,0,0,0)&#8221; background_color=&#8221;rgba(24,80,126,0)&#8221; background_image=&#8221;http:\/\/investigazioniprivate.it\/wp-content\/uploads\/2020\/03\/businessman-598033_1920.jpg&#8221; background_blend=&#8221;soft-light&#8221; background_layout=&#8221;dark&#8221; width_last_edited=&#8221;off|desktop&#8221; min_height=&#8221;220px&#8221; link_option_url=&#8221;http:\/\/investigazioniprivate.it\/compagnie-assicurative\/&#8221; box_shadow_style=&#8221;preset4&#8243; box_shadow_horizontal=&#8221;0px&#8221; box_shadow_vertical=&#8221;0px&#8221; box_shadow_color=&#8221;rgba(24,80,126,0.57)&#8221; box_shadow_horizontal_last_edited=&#8221;off|desktop&#8221; locked=&#8221;off&#8221; background_enable_color__hover=&#8221;on&#8221; background_blend__hover=&#8221;soft-light&#8221; child_filter_invert__hover=&#8221;0%&#8221; body_text_color__hover_enabled=&#8221;on|hover&#8221; body_text_color__hover=&#8221;#ffffff&#8221; background_color__hover=&#8221;#18507E&#8221; transform_styles__hover_enabled=&#8221;on&#8221; transform_scale__hover_enabled=&#8221;on&#8221; transform_translate__hover_enabled=&#8221;on&#8221; transform_rotate__hover_enabled=&#8221;on&#8221; transform_skew__hover_enabled=&#8221;on&#8221; transform_origin__hover_enabled=&#8221;on&#8221; transform_scale__hover=&#8221;105%|105%&#8221; box_shadow_horizontal__hover=&#8221;10px&#8221; box_shadow_horizontal__hover_enabled=&#8221;on&#8221; box_shadow_vertical__hover=&#8221;10px&#8221; box_shadow_vertical__hover_enabled=&#8221;on&#8221; background__hover_enabled=&#8221;on&#8221;]<\/p>\n<div class=\"et_pb_blurb_content\">\n<div class=\"et_pb_blurb_container\" style=\"text-align: center;\">\n<p class=\"Textbody\"><span lang=\"EN-US\">Indagini antifrode in Italia ed all\u2019estero per ogni tipo di ramo e di danno.<\/span><\/p>\n<\/div>\n<\/div>\n<p>\u200b<\/p>\n<p>[\/et_pb_blurb][\/et_pb_column][et_pb_column type=&#8221;1_4&#8243; _builder_version=&#8221;3.25.2&#8243;][et_pb_blurb title=&#8221;Studi legali&#8221; url=&#8221;http:\/\/investigazioniprivate.it\/studi-legali\/&#8221; _builder_version=&#8221;4.4.2&#8243; header_level=&#8221;h3&#8243; header_font=&#8221;||||on||||&#8221; header_text_align=&#8221;center&#8221; header_font_size=&#8221;25px&#8221; header_line_height=&#8221;2.5em&#8221; body_font=&#8221;||||||||&#8221; body_text_align=&#8221;center&#8221; body_text_color=&#8221;rgba(0,0,0,0)&#8221; background_color=&#8221;rgba(24,80,126,0)&#8221; background_image=&#8221;http:\/\/investigazioniprivate.it\/wp-content\/uploads\/2019\/11\/414629-PD6SKX-817-min-min.jpg&#8221; background_blend=&#8221;soft-light&#8221; background_layout=&#8221;dark&#8221; width_last_edited=&#8221;off|desktop&#8221; min_height=&#8221;220px&#8221; link_option_url=&#8221;http:\/\/investigazioniprivate.it\/studi-legali\/&#8221; box_shadow_style=&#8221;preset4&#8243; box_shadow_horizontal=&#8221;0px&#8221; box_shadow_vertical=&#8221;0px&#8221; box_shadow_color=&#8221;rgba(24,80,126,0.57)&#8221; box_shadow_horizontal_last_edited=&#8221;off|desktop&#8221; locked=&#8221;off&#8221; background_enable_color__hover=&#8221;on&#8221; background_blend__hover=&#8221;soft-light&#8221; child_filter_invert__hover=&#8221;0%&#8221; body_text_color__hover_enabled=&#8221;on&#8221; body_text_color__hover=&#8221;#ffffff&#8221; background_color__hover=&#8221;#18507E&#8221; transform_styles__hover_enabled=&#8221;on&#8221; transform_scale__hover_enabled=&#8221;on&#8221; transform_translate__hover_enabled=&#8221;on&#8221; transform_rotate__hover_enabled=&#8221;on&#8221; transform_skew__hover_enabled=&#8221;on&#8221; transform_origin__hover_enabled=&#8221;on&#8221; transform_scale__hover=&#8221;105%|105%&#8221; box_shadow_horizontal__hover=&#8221;10px&#8221; box_shadow_horizontal__hover_enabled=&#8221;on&#8221; box_shadow_vertical__hover=&#8221;10px&#8221; box_shadow_vertical__hover_enabled=&#8221;on&#8221; background__hover_enabled=&#8221;on&#8221;]<\/p>\n<p class=\"Textbody\" style=\"text-align: center;\"><span lang=\"EN-US\">Perizie ed indagini a supporto delle cause civili e penali.<\/span><\/p>\n<p>[\/et_pb_blurb][\/et_pb_column][et_pb_column type=&#8221;1_4&#8243; _builder_version=&#8221;3.25.2&#8243;][et_pb_blurb title=&#8221;Privati&#8221; url=&#8221;http:\/\/investigazioniprivate.it\/privati\/&#8221; _builder_version=&#8221;4.4.2&#8243; header_level=&#8221;h3&#8243; header_font=&#8221;||||on||||&#8221; header_text_align=&#8221;center&#8221; header_font_size=&#8221;25px&#8221; header_line_height=&#8221;2.5em&#8221; body_font=&#8221;||||||||&#8221; body_text_align=&#8221;center&#8221; body_text_color=&#8221;rgba(0,0,0,0)&#8221; background_color=&#8221;rgba(24,80,126,0)&#8221; background_image=&#8221;http:\/\/investigazioniprivate.it\/wp-content\/uploads\/2020\/02\/apartment-architectural-design-architecture-blue-sky-323775-min-scaled.jpg&#8221; background_blend=&#8221;soft-light&#8221; background_layout=&#8221;dark&#8221; width_last_edited=&#8221;off|desktop&#8221; min_height=&#8221;220px&#8221; link_option_url=&#8221;http:\/\/investigazioniprivate.it\/privati\/&#8221; box_shadow_style=&#8221;preset4&#8243; box_shadow_horizontal=&#8221;0px&#8221; box_shadow_vertical=&#8221;0px&#8221; box_shadow_color=&#8221;rgba(24,80,126,0.57)&#8221; box_shadow_horizontal_last_edited=&#8221;off|desktop&#8221; locked=&#8221;off&#8221; background_enable_color__hover=&#8221;on&#8221; background_blend__hover=&#8221;soft-light&#8221; child_filter_invert__hover=&#8221;0%&#8221; body_text_color__hover_enabled=&#8221;on&#8221; body_text_color__hover=&#8221;#ffffff&#8221; background_color__hover=&#8221;#18507E&#8221; transform_styles__hover_enabled=&#8221;on&#8221; transform_scale__hover_enabled=&#8221;on&#8221; transform_translate__hover_enabled=&#8221;on&#8221; transform_rotate__hover_enabled=&#8221;on&#8221; transform_skew__hover_enabled=&#8221;on&#8221; transform_origin__hover_enabled=&#8221;on&#8221; transform_scale__hover=&#8221;105%|105%&#8221; box_shadow_horizontal__hover=&#8221;10px&#8221; box_shadow_horizontal__hover_enabled=&#8221;on&#8221; box_shadow_vertical__hover=&#8221;10px&#8221; box_shadow_vertical__hover_enabled=&#8221;on&#8221; background__hover_enabled=&#8221;on&#8221;]<\/p>\n<p class=\"Textbody\" style=\"text-align: center;\"><span lang=\"EN-US\">Indagini per la vostra sicurezza e per quella dei vostri famigliari.<\/span><\/p>\n<p>[\/et_pb_blurb][\/et_pb_column][\/et_pb_row][\/et_pb_section]<\/p>\n","protected":false},"excerpt":{"rendered":"<p>[et_pb_section fb_built=&#8221;1&#8243; fullwidth=&#8221;on&#8221; _builder_version=&#8221;3.25.2&#8243;][et_pb_fullwidth_slider _builder_version=&#8221;4.4.2&#8243; header_font=&#8221;Mostra one bold||||||||&#8221; min_height_tablet=&#8221;&#8221; min_height_phone=&#8221;400px&#8221; min_height_last_edited=&#8221;on|phone&#8221; hover_enabled=&#8221;0&#8243;][et_pb_slide heading=&#8221;Formazione Ulisse&#8221; _builder_version=&#8221;4.4.2&#8243; header_level=&#8221;h1&#8243; header_font=&#8221;Mostra Bold||||||||&#8221; header_text_align=&#8221;center&#8221; background_color=&#8221;rgba(24,80,126,0.46)&#8221; background_image=&#8221;http:\/\/investigazioniprivate.it\/wp-content\/uploads\/2020\/03\/formazione3.jpg&#8221; background_position=&#8221;top_center&#8221; background_blend=&#8221;soft-light&#8221; custom_padding=&#8221;200px||300px&#8221; custom_padding_tablet=&#8221;&#8221; custom_padding_phone=&#8221;0px||0px|&#8221; custom_padding_last_edited=&#8221;on|phone&#8221; hover_enabled=&#8221;0&#8243; header_font_size_tablet=&#8221;&#8221; header_font_size_phone=&#8221;30px&#8221; header_font_size_last_edited=&#8221;on|phone&#8221;][\/et_pb_slide][\/et_pb_fullwidth_slider][\/et_pb_section][et_pb_section fb_built=&#8221;1&#8243; custom_padding_last_edited=&#8221;on|desktop&#8221; _builder_version=&#8221;3.25.2&#8243; parallax=&#8221;on&#8221; parallax_method=&#8221;off&#8221; custom_padding=&#8221;10px||10px&#8221; custom_padding_tablet=&#8221;&#8221; custom_padding_phone=&#8221;&#8221; box_shadow_style=&#8221;preset2&#8243; box_shadow_spread=&#8221;40px&#8221;][et_pb_row _builder_version=&#8221;3.25.2&#8243; width=&#8221;90%&#8221; max_width=&#8221;1430px&#8221; max_width_tablet=&#8221;&#8221; max_width_phone=&#8221;&#8221; max_width_last_edited=&#8221;on|desktop&#8221;][et_pb_column type=&#8221;4_4&#8243; _builder_version=&#8221;3.25.2&#8243;][et_pb_text _builder_version=&#8221;4.4.2&#8243; text_font=&#8221;||||||||&#8221; text_font_size=&#8221;20px&#8221; text_line_height=&#8221;1.5em&#8221; text_orientation=&#8221;center&#8221; hover_enabled=&#8221;0&#8243; [&hellip;]<\/p>\n","protected":false},"author":1,"featured_media":0,"parent":0,"menu_order":0,"comment_status":"closed","ping_status":"closed","template":"","meta":{"_et_pb_use_builder":"on","_et_pb_old_content":"","_et_gb_content_width":"","footnotes":""},"class_list":["post-238612","page","type-page","status-publish","hentry"],"_links":{"self":[{"href":"https:\/\/investigazioniprivate.it\/it\/wp-json\/wp\/v2\/pages\/238612","targetHints":{"allow":["GET"]}}],"collection":[{"href":"https:\/\/investigazioniprivate.it\/it\/wp-json\/wp\/v2\/pages"}],"about":[{"href":"https:\/\/investigazioniprivate.it\/it\/wp-json\/wp\/v2\/types\/page"}],"author":[{"embeddable":true,"href":"https:\/\/investigazioniprivate.it\/it\/wp-json\/wp\/v2\/users\/1"}],"replies":[{"embeddable":true,"href":"https:\/\/investigazioniprivate.it\/it\/wp-json\/wp\/v2\/comments?post=238612"}],"version-history":[{"count":33,"href":"https:\/\/investigazioniprivate.it\/it\/wp-json\/wp\/v2\/pages\/238612\/revisions"}],"predecessor-version":[{"id":240177,"href":"https:\/\/investigazioniprivate.it\/it\/wp-json\/wp\/v2\/pages\/238612\/revisions\/240177"}],"wp:attachment":[{"href":"https:\/\/investigazioniprivate.it\/it\/wp-json\/wp\/v2\/media?parent=238612"}],"curies":[{"name":"wp","href":"https:\/\/api.w.org\/{rel}","templated":true}]}}